{"id":12660,"date":"2022-08-10T11:07:01","date_gmt":"2022-08-10T09:07:01","guid":{"rendered":"https:\/\/wordpress.vecurosoft.com\/techbiz\/?page_id=76"},"modified":"2025-09-24T13:04:59","modified_gmt":"2025-09-24T16:04:59","slug":"pricing-plan","status":"publish","type":"page","link":"https:\/\/santafesoluciones.com\/sitio\/index.php\/pricing-plan\/","title":{"rendered":"Experiencia"},"content":{"rendered":"\t\t<div data-elementor-type=\"wp-page\" data-elementor-id=\"12660\" class=\"elementor elementor-12660\" data-elementor-post-type=\"page\">\n\t\t\t\t<div class=\"elementor-element elementor-element-13b9f1c e-flex e-con-boxed e-con e-parent\" data-id=\"13b9f1c\" data-element_type=\"container\">\n\t\t\t\t\t<div class=\"e-con-inner\">\n\t\t<div class=\"elementor-element elementor-element-389d31f e-con-full e-flex e-con e-child\" data-id=\"389d31f\" data-element_type=\"container\">\n\t\t\t\t<\/div>\n\t\t<div class=\"elementor-element elementor-element-c4e99d8 e-con-full e-flex e-con e-child\" data-id=\"c4e99d8\" data-element_type=\"container\">\n\t\t\t\t<div class=\"elementor-element elementor-element-73c5010 elementor-widget elementor-widget-heading\" data-id=\"73c5010\" data-element_type=\"widget\" data-widget_type=\"heading.default\">\n\t\t\t\t\t<h5 class=\"elementor-heading-title elementor-size-default\">Durante estos +7 a\u00f1os hemos realizado proyectos de tecnolog\u00eda en diferentes sectores, que para Santaf\u00e9 han sido el negocio principal y se dividen en tres grandes grupos as\u00ed:<\/h5>\t\t\t\t<\/div>\n\t\t\t\t<\/div>\n\t\t<div class=\"elementor-element elementor-element-8996ec9 e-con-full e-flex e-con e-child\" data-id=\"8996ec9\" data-element_type=\"container\">\n\t\t\t\t<\/div>\n\t\t\t\t\t<\/div>\n\t\t\t\t<\/div>\n\t\t\t\t<section class=\"elementor-section elementor-top-section elementor-element elementor-element-990d00a elementor-section-full_width elementor-section-height-default elementor-section-height-default\" data-id=\"990d00a\" data-element_type=\"section\">\n\t\t\t\t\t\t<div class=\"elementor-container elementor-column-gap-no\">\n\t\t\t\t\t<div class=\"elementor-column elementor-col-100 elementor-top-column elementor-element elementor-element-93a2fc5\" data-id=\"93a2fc5\" data-element_type=\"column\">\n\t\t\t<div class=\"elementor-widget-wrap elementor-element-populated\">\n\t\t\t\t\t\t<section class=\"elementor-section elementor-inner-section elementor-element elementor-element-b879533 elementor-section-full_width elementor-section-height-default elementor-section-height-default\" data-id=\"b879533\" data-element_type=\"section\">\n\t\t\t\t\t\t<div class=\"elementor-container elementor-column-gap-no\">\n\t\t\t\t\t<div class=\"elementor-column elementor-col-100 elementor-inner-column elementor-element elementor-element-468346a\" data-id=\"468346a\" data-element_type=\"column\">\n\t\t\t<div class=\"elementor-widget-wrap elementor-element-populated\">\n\t\t\t\t\t\t<div class=\"elementor-element elementor-element-eb1e2e2 elementor-widget elementor-widget-techbizpricingtable\" data-id=\"eb1e2e2\" data-element_type=\"widget\" data-widget_type=\"techbizpricingtable.default\">\n\t\t\t\t<div class=\"elementor-widget-container\">\n\t\t\t\t\t<div class=\"pricing-wrapper\"><div class=\"container\"><div class=\"row vs-carousel\" data-slick-arrows=\"false\" data-slick-autoplay=\"false\" data-slide-to-show=\"3\"><div class=\"col-xl-4\"><div class=\"price-style1\"><div class=\"price-shape\" data-bg-src=\"https:\/\/wordpress.vecurosoft.com\/techbiz\/wp-content\/uploads\/2022\/09\/price-bg-shape-1-1.png\"><\/div><div class=\"price-amount h1\">Empresa<span class=\"price-duration\"><\/span><\/div><div class=\"price-features\"><ul><li><i class=\"far fa-check-circle\"><\/i>Agro y minas<\/li><li><i class=\"far fa-check-circle\"><\/i>Comercio<\/li><li><i class=\"far fa-check-circle\"><\/i>Construcci\u00f3n<\/li><li><i class=\"far fa-check-circle\"><\/i>Consultorios<\/li><li><i class=\"far fa-check-circle\"><\/i>Educaci\u00f3n<\/li><li><i class=\"far fa-check-circle\"><\/i>Salud<\/li><li><i class=\"far fa-check-circle\"><\/i>Seguridad Privada<\/li><\/ul><\/div><\/div><\/div><div class=\"col-xl-4\"><div class=\"price-style1\"><div class=\"price-shape\" data-bg-src=\"https:\/\/wordpress.vecurosoft.com\/techbiz\/wp-content\/uploads\/2022\/09\/price-bg-shape-1-1.png\"><\/div><div class=\"price-amount h1\">Gobierno<span class=\"price-duration\"><\/span><\/div><div class=\"price-features\"><ul><li><i class=\"far fa-check-circle\"><\/i>Entidades del estado<\/li><li><i class=\"far fa-check-circle\"><\/i>Fuerzas Militares<\/li><li><i class=\"far fa-check-circle\"><\/i>Misi\u00f3n Cr\u00edtica<\/li><li><i class=\"far fa-check-circle\"><\/i>Municipalidades<\/li><\/ul><\/div><\/div><\/div><div class=\"col-xl-4\"><div class=\"price-style1\"><div class=\"price-shape\" data-bg-src=\"https:\/\/wordpress.vecurosoft.com\/techbiz\/wp-content\/uploads\/2022\/09\/price-bg-shape-1-1.png\"><\/div><div class=\"price-amount h1\">Hogar<span class=\"price-duration\"><\/span><\/div><div class=\"price-features\"><ul><li><i class=\"far fa-check-circle\"><\/i>Apartamentos<\/li><li><i class=\"far fa-check-circle\"><\/i>Casas<\/li><li><i class=\"far fa-check-circle\"><\/i>Consultorios<\/li><\/ul><\/div><\/div><\/div><\/div><\/div><\/div>\t\t\t\t<\/div>\n\t\t\t\t<\/div>\n\t\t\t\t\t<\/div>\n\t\t<\/div>\n\t\t\t\t\t<\/div>\n\t\t<\/section>\n\t\t\t\t\t<\/div>\n\t\t<\/div>\n\t\t\t\t\t<\/div>\n\t\t<\/section>\n\t\t\t\t<section class=\"elementor-section elementor-top-section elementor-element elementor-element-beebaad elementor-section-full_width elementor-section-height-default elementor-section-height-default\" data-id=\"beebaad\" data-element_type=\"section\" data-settings=\"{&quot;background_background&quot;:&quot;classic&quot;}\">\n\t\t\t\t\t\t<div class=\"elementor-container elementor-column-gap-no\">\n\t\t\t\t\t<div class=\"elementor-column elementor-col-100 elementor-top-column elementor-element elementor-element-1026794\" data-id=\"1026794\" data-element_type=\"column\">\n\t\t\t<div class=\"elementor-widget-wrap elementor-element-populated\">\n\t\t\t\t\t\t<section class=\"elementor-section elementor-inner-section elementor-element elementor-element-ea653a8 elementor-section-boxed elementor-section-height-default elementor-section-height-default\" data-id=\"ea653a8\" data-element_type=\"section\">\n\t\t\t\t\t\t<div class=\"elementor-container elementor-column-gap-no\">\n\t\t\t\t\t<div class=\"elementor-column elementor-col-100 elementor-inner-column elementor-element elementor-element-437e9d7\" data-id=\"437e9d7\" data-element_type=\"column\">\n\t\t\t<div class=\"elementor-widget-wrap elementor-element-populated\">\n\t\t\t\t\t\t<div class=\"elementor-element elementor-element-e6fce49 elementor-widget elementor-widget-text-editor\" data-id=\"e6fce49\" data-element_type=\"widget\" data-widget_type=\"text-editor.default\">\n\t\t\t\t\t\t\t\t\t<p style=\"text-align: center;\"><span class=\"sec-subtitle text-white\">Transformamos tus espacios seguros.<\/span><\/p>\n\n<div style=\"text-align: center;\"><h2 class=\"h1 sec-title text-white\">Proveedor de soluciones en tecnolog\u00eda<\/div><\/h2>\t\t\t\t\t\t\t\t<\/div>\n\t\t\t\t<div class=\"elementor-element elementor-element-30622a7 elementor-widget elementor-widget-techbizbutton\" data-id=\"30622a7\" data-element_type=\"widget\" data-widget_type=\"techbizbutton.default\">\n\t\t\t\t<div class=\"elementor-widget-container\">\n\t\t\t\t\t<!-- Button --><div class=\"btn-wrapper\"><a class=\"vs-btn\" href=\"https:\/\/santafesoluciones.com\/sitio\/index.php\/contact-us\/\">Cont\u00e1ctanos<i class=\"far fa-arrow-right\"><\/i><\/a><\/div><!-- End Button -->\t\t\t\t<\/div>\n\t\t\t\t<\/div>\n\t\t\t\t\t<\/div>\n\t\t<\/div>\n\t\t\t\t\t<\/div>\n\t\t<\/section>\n\t\t\t\t\t<\/div>\n\t\t<\/div>\n\t\t\t\t\t<\/div>\n\t\t<\/section>\n\t\t\t\t<section class=\"elementor-section elementor-top-section elementor-element elementor-element-ebc6c05 elementor-section-full_width elementor-section-height-default elementor-section-height-default\" data-id=\"ebc6c05\" data-element_type=\"section\">\n\t\t\t\t\t\t<div class=\"elementor-container elementor-column-gap-no\">\n\t\t\t\t\t<div class=\"elementor-column elementor-col-100 elementor-top-column elementor-element elementor-element-f98ce65\" data-id=\"f98ce65\" data-element_type=\"column\">\n\t\t\t<div class=\"elementor-widget-wrap elementor-element-populated\">\n\t\t\t\t\t\t<section class=\"elementor-section elementor-inner-section elementor-element elementor-element-14d1420 elementor-section-boxed elementor-section-height-default elementor-section-height-default\" data-id=\"14d1420\" data-element_type=\"section\">\n\t\t\t\t\t\t<div class=\"elementor-container elementor-column-gap-no\">\n\t\t\t\t\t<div class=\"elementor-column elementor-col-100 elementor-inner-column elementor-element elementor-element-858bfad\" data-id=\"858bfad\" data-element_type=\"column\">\n\t\t\t<div class=\"elementor-widget-wrap elementor-element-populated\">\n\t\t\t\t\t\t<div class=\"elementor-element elementor-element-9bf6de1 elementor-widget elementor-widget-techbizsectiontitle\" data-id=\"9bf6de1\" data-element_type=\"widget\" data-widget_type=\"techbizsectiontitle.default\">\n\t\t\t\t<div class=\"elementor-widget-container\">\n\t\t\t\t\t<!-- Section Title --><div class=\"title-area\" ><h2 class=\"sec-subtitle subtitle-selector\">Ent\u00e9rate de<\/h2><h3 class=\"sec-title3 title-selector h1\">Lo nuevo en tecnolog\u00eda<\/h3><\/div><!-- End Section Title -->\t\t\t\t<\/div>\n\t\t\t\t<\/div>\n\t\t\t\t\t<\/div>\n\t\t<\/div>\n\t\t\t\t\t<\/div>\n\t\t<\/section>\n\t\t\t\t<section class=\"elementor-section elementor-inner-section elementor-element elementor-element-b650415 elementor-section-full_width elementor-section-height-default elementor-section-height-default\" data-id=\"b650415\" data-element_type=\"section\">\n\t\t\t\t\t\t<div class=\"elementor-container elementor-column-gap-no\">\n\t\t\t\t\t<div class=\"elementor-column elementor-col-100 elementor-inner-column elementor-element elementor-element-fb8deba\" data-id=\"fb8deba\" data-element_type=\"column\">\n\t\t\t<div class=\"elementor-widget-wrap elementor-element-populated\">\n\t\t\t\t\t\t<div class=\"elementor-element elementor-element-2982f2c elementor-widget elementor-widget-techbizblogpost\" data-id=\"2982f2c\" data-element_type=\"widget\" data-widget_type=\"techbizblogpost.default\">\n\t\t\t\t<div class=\"elementor-widget-container\">\n\t\t\t\t\t<!-- blog Area --><section class=\"vs-blog-wrapper\"><div class=\"container\"><div class=\"row vs-carousel\" data-slick-arrows=\"true\" data-slide-to-show=\"3\"><div class=\"col-md-6\"><div class=\"vs-blog blog-style1\"><div class=\"blog-img\"><a href=\"https:\/\/santafesoluciones.com\/sitio\/index.php\/2025\/09\/11\/sanfetech-primera-tienda-dahua-it\/\"><img fetchpriority=\"high\" decoding=\"async\" width=\"387\" height=\"320\" src=\"https:\/\/santafesoluciones.com\/sitio\/wp-content\/uploads\/2025\/09\/Blog-copia-387x320.jpg\" class=\"w-100 wp-post-image\" alt=\"\" \/><\/a><div class=\"blog-content\"><div class=\"blog-meta\"><a href=\"https:\/\/santafesoluciones.com\/sitio\/index.php\/2025\/09\/11\/\"><i class=\"far fa-calendar\"><\/i><time datetime=\"2025-09-11T11:29:06-03:00\">11 de septiembre de 2025<\/time><\/a><a href=\"https:\/\/santafesoluciones.com\/sitio\/index.php\/author\/admin27yety\/\" ><i class=\"fal fa-user\"><\/i>Admin27yety<\/a><\/div><h3 class=\"blog-title\"><a href=\"https:\/\/santafesoluciones.com\/sitio\/index.php\/2025\/09\/11\/sanfetech-primera-tienda-dahua-it\/\">Sanfetech: Primera tienda Dahua IT<\/a><\/h3><a href=\"https:\/\/santafesoluciones.com\/sitio\/index.php\/2025\/09\/11\/sanfetech-primera-tienda-dahua-it\/\" class=\"link-btn\">Read Deatils<i class=\"far fa-arrow-right\"><\/i><\/a><\/div><\/div><\/div><\/div><\/div><!-- .row END --><\/div><!-- .container END --><\/section><!-- blog Area end -->\t\t\t\t<\/div>\n\t\t\t\t<\/div>\n\t\t\t\t\t<\/div>\n\t\t<\/div>\n\t\t\t\t\t<\/div>\n\t\t<\/section>\n\t\t\t\t\t<\/div>\n\t\t<\/div>\n\t\t\t\t\t<\/div>\n\t\t<\/section>\n\t\t\t\t<\/div>\n\t\t","protected":false},"excerpt":{"rendered":"<p>Durante estos +7 a\u00f1os hemos realizado proyectos de tecnolog\u00eda en diferentes sectores, que para Santaf\u00e9 han sido el negocio principal y se dividen en tres grandes grupos as\u00ed: Empresa Agro y minas Comercio Construcci\u00f3n Consultorios Educaci\u00f3n Salud Seguridad Privada Gobierno Entidades del estado Fuerzas Militares Misi\u00f3n Cr\u00edtica Municipalidades Hogar Apartamentos Casas Consultorios Transformamos tus espacios&#8230;<\/p>\n","protected":false},"author":1,"featured_media":0,"parent":0,"menu_order":0,"comment_status":"closed","ping_status":"closed","template":"template-builder.php","meta":{"_monsterinsights_skip_tracking":false,"_monsterinsights_sitenote_active":false,"_monsterinsights_sitenote_note":"","_monsterinsights_sitenote_category":0,"footnotes":""},"class_list":["post-12660","page","type-page","status-publish","hentry","vs-blog blog-single"],"aioseo_notices":[],"_links":{"self":[{"href":"https:\/\/santafesoluciones.com\/sitio\/index.php\/wp-json\/wp\/v2\/pages\/12660","targetHints":{"allow":["GET"]}}],"collection":[{"href":"https:\/\/santafesoluciones.com\/sitio\/index.php\/wp-json\/wp\/v2\/pages"}],"about":[{"href":"https:\/\/santafesoluciones.com\/sitio\/index.php\/wp-json\/wp\/v2\/types\/page"}],"author":[{"embeddable":true,"href":"https:\/\/santafesoluciones.com\/sitio\/index.php\/wp-json\/wp\/v2\/users\/1"}],"replies":[{"embeddable":true,"href":"https:\/\/santafesoluciones.com\/sitio\/index.php\/wp-json\/wp\/v2\/comments?post=12660"}],"version-history":[{"count":51,"href":"https:\/\/santafesoluciones.com\/sitio\/index.php\/wp-json\/wp\/v2\/pages\/12660\/revisions"}],"predecessor-version":[{"id":13382,"href":"https:\/\/santafesoluciones.com\/sitio\/index.php\/wp-json\/wp\/v2\/pages\/12660\/revisions\/13382"}],"wp:attachment":[{"href":"https:\/\/santafesoluciones.com\/sitio\/index.php\/wp-json\/wp\/v2\/media?parent=12660"}],"curies":[{"name":"wp","href":"https:\/\/api.w.org\/{rel}","templated":true}]}}