{"id":8300,"date":"2023-02-09T12:00:13","date_gmt":"2023-02-09T12:00:13","guid":{"rendered":"https:\/\/wordpress.vecurosoft.com\/bizino\/?page_id=8300"},"modified":"2025-09-24T12:50:04","modified_gmt":"2025-09-24T15:50:04","slug":"service-details-three","status":"publish","type":"page","link":"https:\/\/santafesoluciones.com\/sitio\/index.php\/service-details-three\/","title":{"rendered":"Servicios"},"content":{"rendered":"\t\t<div data-elementor-type=\"wp-page\" data-elementor-id=\"8300\" class=\"elementor elementor-8300\" data-elementor-post-type=\"page\">\n\t\t\t\t\t\t<section class=\"elementor-section elementor-top-section elementor-element elementor-element-867b4ff elementor-section-content-middle elementor-section-boxed elementor-section-height-default elementor-section-height-default\" data-id=\"867b4ff\" data-element_type=\"section\" data-settings=\"{&quot;background_background&quot;:&quot;classic&quot;}\">\n\t\t\t\t\t\t<div class=\"elementor-container elementor-column-gap-default\">\n\t\t\t\t\t<div class=\"elementor-column elementor-col-50 elementor-top-column elementor-element elementor-element-8fd1418\" data-id=\"8fd1418\" data-element_type=\"column\">\n\t\t\t<div class=\"elementor-widget-wrap elementor-element-populated\">\n\t\t\t\t\t\t<div class=\"elementor-element elementor-element-2532d65 elementor-widget elementor-widget-image\" data-id=\"2532d65\" data-element_type=\"widget\" data-widget_type=\"image.default\">\n\t\t\t\t\t\t\t\t\t\t\t\t\t\t\t<img fetchpriority=\"high\" decoding=\"async\" width=\"595\" height=\"730\" src=\"https:\/\/santafesoluciones.com\/sitio\/wp-content\/uploads\/2025\/09\/NS-copia.webp\" class=\"attachment-full size-full wp-image-13373\" alt=\"\" srcset=\"https:\/\/santafesoluciones.com\/sitio\/wp-content\/uploads\/2025\/09\/NS-copia.webp 595w, https:\/\/santafesoluciones.com\/sitio\/wp-content\/uploads\/2025\/09\/NS-copia-245x300.webp 245w\" sizes=\"(max-width: 595px) 100vw, 595px\" \/>\t\t\t\t\t\t\t\t\t\t\t\t\t\t\t<\/div>\n\t\t\t\t\t<\/div>\n\t\t<\/div>\n\t\t\t\t<div class=\"elementor-column elementor-col-50 elementor-top-column elementor-element elementor-element-8aeb884\" data-id=\"8aeb884\" data-element_type=\"column\">\n\t\t\t<div class=\"elementor-widget-wrap elementor-element-populated\">\n\t\t\t\t\t\t<div class=\"elementor-element elementor-element-3d349b2 elementor-widget-tablet__width-initial text-center elementor-widget elementor-widget-bizinosectiontitle\" data-id=\"3d349b2\" data-element_type=\"widget\" data-widget_type=\"bizinosectiontitle.default\">\n\t\t\t\t<div class=\"elementor-widget-container\">\n\t\t\t\t\t            <!--    Title Style 1        -->\r\n            <div class=\"section-title-cs\">\r\n                <span class=\"sec-subtitle5\">Te presentamos<\/span><h2 class=\"sec-title5\">Nuestros Servicios<\/h2>            <\/div>\r\n            \t\t\t\t<\/div>\n\t\t\t\t<\/div>\n\t\t\t\t<div class=\"elementor-element elementor-element-cba26e7 elementor-widget elementor-widget-bizinofaq\" data-id=\"cba26e7\" data-element_type=\"widget\" data-widget_type=\"bizinofaq.default\">\n\t\t\t\t<div class=\"elementor-widget-container\">\n\t\t\t\t\t        <section class=\"faq-cs\">\r\n            <div class=\"accordion accordion-style3\" id=\"accordionStyle69d0ddd6e83db\">\r\n                                <div class=\"accordion-item active\">\r\n                    <div class=\"accordion-header\" id=\"headingf9d0aa169d0ddd6e83db\">\r\n                        <button class=\"accordion-button \" type=\"button\" data-bs-toggle=\"collapse\" data-bs-target=\"#collapsef9d0aa169d0ddd6e83db\" aria-expanded=\"true\" aria-controls=\"collapsef9d0aa169d0ddd6e83db\">\r\n                            Instalaci\u00f3n y mantenimiento                        <\/button>\r\n                    <\/div>\r\n                    <div id=\"collapsef9d0aa169d0ddd6e83db\" class=\"accordion-collapse collapse show\" aria-labelledby=\"headingf9d0aa169d0ddd6e83db\" data-bs-parent=\"#accordionStyle69d0ddd6e83db\">\r\n                        <div class=\"accordion-body\">\r\n                            <p>Brindamos toda la instalaci\u00f3n y adecuaci\u00f3n necesaria para el funcionamiento de nuestros productos, as\u00ed como la configuraci\u00f3n, conexi\u00f3n y programaci\u00f3n para cada soluci\u00f3n.\n\nProporcionamos mantenimientos preventivos para mejorar la vida \u00fatil en equipos y redes en funcionamiento; as\u00ed mismo, ofrecemos atenci\u00f3n correctiva a los sistemas instalados en caso que requieran reparaciones y diagn\u00f3stico de fallas.  \n<\/p>\r\n                        <\/div>\r\n                    <\/div>\r\n                <\/div>\r\n                            <div class=\"accordion-item \">\r\n                    <div class=\"accordion-header\" id=\"heading437601c69d0ddd6e83db\">\r\n                        <button class=\"accordion-button collapsed\" type=\"button\" data-bs-toggle=\"collapse\" data-bs-target=\"#collapse437601c69d0ddd6e83db\" aria-expanded=\"false\" aria-controls=\"collapse437601c69d0ddd6e83db\">\r\n                            Estudios de calidad                         <\/button>\r\n                    <\/div>\r\n                    <div id=\"collapse437601c69d0ddd6e83db\" class=\"accordion-collapse collapse \" aria-labelledby=\"heading437601c69d0ddd6e83db\" data-bs-parent=\"#accordionStyle69d0ddd6e83db\">\r\n                        <div class=\"accordion-body\">\r\n                            <p>Lo m\u00e1s importante es brindar seguridad y calidad en tus sistemas, por esta raz\u00f3n contamos con un equipo de ingenieros altamente capacitado que visitan tu empresa para identificar las necesidades del entorno, y podr\u00e1n conocer las soluciones ideales para proteger tus redes y equipos.<\/p>\r\n                        <\/div>\r\n                    <\/div>\r\n                <\/div>\r\n                            <div class=\"accordion-item \">\r\n                    <div class=\"accordion-header\" id=\"heading191bd7469d0ddd6e83db\">\r\n                        <button class=\"accordion-button collapsed\" type=\"button\" data-bs-toggle=\"collapse\" data-bs-target=\"#collapse191bd7469d0ddd6e83db\" aria-expanded=\"false\" aria-controls=\"collapse191bd7469d0ddd6e83db\">\r\n                            Dise\u00f1o y adecuaciones                        <\/button>\r\n                    <\/div>\r\n                    <div id=\"collapse191bd7469d0ddd6e83db\" class=\"accordion-collapse collapse \" aria-labelledby=\"heading191bd7469d0ddd6e83db\" data-bs-parent=\"#accordionStyle69d0ddd6e83db\">\r\n                        <div class=\"accordion-body\">\r\n                            <p>Contamos con un equipo de profesionales que te acompa\u00f1aran a dise\u00f1ar, modificar o adecuar tus proyectos en construcci\u00f3n de redes e instalaci\u00f3n de nuevos equipos. Conocer tus espacios y necesidades es muy importante para nosotros, y por eso realizamos un diagn\u00f3stico real que permita aprovechar al m\u00e1ximo nuestras soluciones.<\/p>\r\n                        <\/div>\r\n                    <\/div>\r\n                <\/div>\r\n                            <div class=\"accordion-item \">\r\n                    <div class=\"accordion-header\" id=\"heading5772e6169d0ddd6e83db\">\r\n                        <button class=\"accordion-button collapsed\" type=\"button\" data-bs-toggle=\"collapse\" data-bs-target=\"#collapse5772e6169d0ddd6e83db\" aria-expanded=\"false\" aria-controls=\"collapse5772e6169d0ddd6e83db\">\r\n                            Capacitaciones                        <\/button>\r\n                    <\/div>\r\n                    <div id=\"collapse5772e6169d0ddd6e83db\" class=\"accordion-collapse collapse \" aria-labelledby=\"heading5772e6169d0ddd6e83db\" data-bs-parent=\"#accordionStyle69d0ddd6e83db\">\r\n                        <div class=\"accordion-body\">\r\n                            <p>Conocer los equipos que adquieres, como utilizarlos y cuidarlos es muy importante, por esto tenemos una completa variedad de capacitaciones dependiendo de tus necesidades. Temas para empresas, gobierno y usuarios finales.<\/p>\r\n                        <\/div>\r\n                    <\/div>\r\n                <\/div>\r\n                        <\/div>\r\n        <\/section>\r\n    \t\t\t\t<\/div>\n\t\t\t\t<\/div>\n\t\t\t\t\t<\/div>\n\t\t<\/div>\n\t\t\t\t\t<\/div>\n\t\t<\/section>\n\t\t\t\t<section class=\"elementor-section elementor-top-section elementor-element elementor-element-dfb46d5 elementor-section-boxed elementor-section-height-default elementor-section-height-default\" data-id=\"dfb46d5\" data-element_type=\"section\" data-settings=\"{&quot;background_background&quot;:&quot;classic&quot;}\">\n\t\t\t\t\t\t<div class=\"elementor-container elementor-column-gap-default\">\n\t\t\t\t\t<div class=\"elementor-column elementor-col-100 elementor-top-column elementor-element elementor-element-8a8c01d\" data-id=\"8a8c01d\" data-element_type=\"column\">\n\t\t\t<div class=\"elementor-widget-wrap elementor-element-populated\">\n\t\t\t\t\t\t<div class=\"elementor-element elementor-element-109cec8 elementor-widget elementor-widget-bizinosectiontitle\" data-id=\"109cec8\" data-element_type=\"widget\" data-widget_type=\"bizinosectiontitle.default\">\n\t\t\t\t<div class=\"elementor-widget-container\">\n\t\t\t\t\t            <!--    Title Style 2        -->\r\n            <div class=\"title-area\">\r\n                <div class=\"sec-pills\">\r\n                            <div class=\"pill\"><\/div>\r\n                            <div class=\"pill\"><\/div>\r\n                            <div class=\"pill\"><\/div>\r\n                        <\/div><span class=\"sec-subtitle5\">\u00bfC\u00f3mo funciona?<\/span><h2 class=\"sec-title5\">Es muy simple <\/h2>            <\/div>\r\n            \t\t\t\t<\/div>\n\t\t\t\t<\/div>\n\t\t\t\t<div class=\"elementor-element elementor-element-3721b35 elementor-widget elementor-widget-bizinoworkapproach\" data-id=\"3721b35\" data-element_type=\"widget\" data-widget_type=\"bizinoworkapproach.default\">\n\t\t\t\t<div class=\"elementor-widget-container\">\n\t\t\t\t\t<div class=\"process-shape1 d-none d-lg-block\"><img decoding=\"async\" src=\"https:\/\/santafesoluciones.com\/sitio\/wp-content\/uploads\/2025\/09\/Lineas.webp\" alt=\"Lineas\"  \/><\/div><div class=\"row justify-content-between\"><div class=\"col-md-6 col-lg-auto process-style1\"><div class=\"process-body\"><div class=\"process-shape\"><\/div><div class=\"process-number\">01<\/div><div class=\"process-icon\"><img decoding=\"async\" src=\"https:\/\/santafesoluciones.com\/sitio\/wp-content\/uploads\/2025\/09\/Servicios_0003_Objeto-inteligente-vectorial.png\" alt=\"Servicios_0003_Objeto inteligente vectorial\"  \/><\/div><p class=\"process-text\">Decide tu servicio<\/p><\/div><\/div><div class=\"col-md-6 col-lg-auto process-style1\"><div class=\"process-body\"><div class=\"process-shape\"><\/div><div class=\"process-number\">02<\/div><div class=\"process-icon\"><img decoding=\"async\" src=\"https:\/\/santafesoluciones.com\/sitio\/wp-content\/uploads\/2025\/09\/Servicios_0001_Objeto-inteligente-vectorial.png\" alt=\"Servicios_0001_Objeto inteligente vectorial\"  \/><\/div><p class=\"process-text\"> Clic en Hablemos<\/p><\/div><\/div><div class=\"col-md-6 col-lg-auto process-style1\"><div class=\"process-body\"><div class=\"process-shape\"><\/div><div class=\"process-number\">03<\/div><div class=\"process-icon\"><img decoding=\"async\" src=\"https:\/\/santafesoluciones.com\/sitio\/wp-content\/uploads\/2025\/09\/Servicios_0002_Objeto-inteligente-vectorial.png\" alt=\"Servicios_0002_Objeto inteligente vectorial\"  \/><\/div><p class=\"process-text\">Completa el formulario<\/p><\/div><\/div><div class=\"col-md-6 col-lg-auto process-style1\"><div class=\"process-body\"><div class=\"process-shape\"><\/div><div class=\"process-number\">04<\/div><div class=\"process-icon\"><img decoding=\"async\" src=\"https:\/\/santafesoluciones.com\/sitio\/wp-content\/uploads\/2025\/09\/Servicios_0000_Objeto-inteligente-vectorial.png\" alt=\"Servicios_0000_Objeto inteligente vectorial\"  \/><\/div><p class=\"process-text\">Nosotros te contactamos<\/p><\/div><\/div><\/div>\t\t\t\t<\/div>\n\t\t\t\t<\/div>\n\t\t\t\t\t<\/div>\n\t\t<\/div>\n\t\t\t\t\t<\/div>\n\t\t<\/section>\n\t\t\t\t<\/div>\n\t\t","protected":false},"excerpt":{"rendered":"<p>Te presentamos Nuestros Servicios Instalaci\u00f3n y mantenimiento Brindamos toda la instalaci\u00f3n y adecuaci\u00f3n necesaria para el funcionamiento de nuestros productos, as\u00ed como la configuraci\u00f3n, conexi\u00f3n y programaci\u00f3n para cada soluci\u00f3n. Proporcionamos mantenimientos preventivos para mejorar la vida \u00fatil en equipos y redes en funcionamiento; as\u00ed mismo, ofrecemos atenci\u00f3n correctiva a los sistemas instalados en caso&#8230;<\/p>\n","protected":false},"author":1,"featured_media":0,"parent":0,"menu_order":0,"comment_status":"closed","ping_status":"closed","template":"template-builder.php","meta":{"_monsterinsights_skip_tracking":false,"_monsterinsights_sitenote_active":false,"_monsterinsights_sitenote_note":"","_monsterinsights_sitenote_category":0,"footnotes":""},"class_list":["post-8300","page","type-page","status-publish","hentry"],"aioseo_notices":[],"_links":{"self":[{"href":"https:\/\/santafesoluciones.com\/sitio\/index.php\/wp-json\/wp\/v2\/pages\/8300","targetHints":{"allow":["GET"]}}],"collection":[{"href":"https:\/\/santafesoluciones.com\/sitio\/index.php\/wp-json\/wp\/v2\/pages"}],"about":[{"href":"https:\/\/santafesoluciones.com\/sitio\/index.php\/wp-json\/wp\/v2\/types\/page"}],"author":[{"embeddable":true,"href":"https:\/\/santafesoluciones.com\/sitio\/index.php\/wp-json\/wp\/v2\/users\/1"}],"replies":[{"embeddable":true,"href":"https:\/\/santafesoluciones.com\/sitio\/index.php\/wp-json\/wp\/v2\/comments?post=8300"}],"version-history":[{"count":27,"href":"https:\/\/santafesoluciones.com\/sitio\/index.php\/wp-json\/wp\/v2\/pages\/8300\/revisions"}],"predecessor-version":[{"id":13376,"href":"https:\/\/santafesoluciones.com\/sitio\/index.php\/wp-json\/wp\/v2\/pages\/8300\/revisions\/13376"}],"wp:attachment":[{"href":"https:\/\/santafesoluciones.com\/sitio\/index.php\/wp-json\/wp\/v2\/media?parent=8300"}],"curies":[{"name":"wp","href":"https:\/\/api.w.org\/{rel}","templated":true}]}}